{"id":3610,"date":"2013-05-24T19:42:07","date_gmt":"2013-05-24T19:42:07","guid":{"rendered":"http:\/\/theme-fusion.com\/avadaxml\/?page_id=3610"},"modified":"2023-05-12T21:02:57","modified_gmt":"2023-05-12T19:02:57","slug":"home-page-13","status":"publish","type":"page","link":"https:\/\/fertigteilwerk-rau.de\/","title":{"rendered":"HERZLICH WILLKOMMEN!"},"content":{"rendered":"<div class=\"demo-sep sep-none\" style=\"margin-top:-10px;\"><\/div>\n<h2 style=\"text-align: center;\">\u00a0Herzlich Willkommen bei Ihrem Betonfertigteilwerk Rau!<\/h2>\n<div class=\"demo-sep sep-dotted\" style=\"margin-top:40px;margin-bottom:40px\"><\/div>\n<div class=\"demo-sep sep-none\" style=\"margin-top:50px;\"><\/div>\n<div class=\"one_half\">\n<style type='text\/css'>\n\t#imageframe-1.imageframe{float:left;}\n\t#imageframe-1.imageframe img{border:0px solid #f6f6f6;}\n\t#imageframe-1.imageframe-glow img{\n\t\t-moz-box-shadow: 0 0 3px rgba(0,0,0,.3); \/* outer glow *\/\n\t\t-webkit-box-shadow: 0 0 3px rgba(0,0,0,.3); \/* outer glow *\/\n\t\tbox-shadow: 0 0 3px rgba(0,0,0,.3); \/* outer glow *\/\n\t}\n\t#imageframe-1.imageframe-dropshadow img{\n\t\t-moz-box-shadow: 2px 3px 7px rgba(0,0,0,.3); \/* drop shadow *\/\n\t\t-webkit-box-shadow: 2px 3px 7px rgba(0,0,0,.3); \/* drop shadow *\/\n\t\tbox-shadow: 2px 3px 7px rgba(0,0,0,.3); \/* drop shadow *\/\n\t}\n\t<\/style>\n\t<span id=\"imageframe-1\" class=\"imageframe imageframe-none\">\n<p><a href=\"https:\/\/fertigteilwerk-rau.de\/wp-content\/uploads\/2023\/05\/SM23-1.jpg\"><img decoding=\"async\" loading=\"lazy\" class=\"alignnone size-full wp-image-6245\" src=\"https:\/\/fertigteilwerk-rau.de\/wp-content\/uploads\/2023\/05\/SM23-1.jpg\" alt=\"\" width=\"404\" height=\"225\" srcset=\"https:\/\/fertigteilwerk-rau.de\/wp-content\/uploads\/2023\/05\/SM23-1.jpg 404w, https:\/\/fertigteilwerk-rau.de\/wp-content\/uploads\/2023\/05\/SM23-1-300x167.jpg 300w\" sizes=\"(max-width: 404px) 100vw, 404px\" \/><\/a><\/span>\n<div class=\"demo-sep sep-none\" style=\"margin-top:px;\"><\/div>\n<p><\/div>\n<div class=\"one_half last\">\n<p style=\"text-align: left;\">Neu gestaltete Sitzgarnituren aus einer Stahlbeton-Holz-Kombination von RAU verf\u00fcgbar. Die robusten Stadtm\u00f6bel k\u00f6nnen in einer beliebigen Holzart und unterschiedlichen Betondesigns gefertigt werden. Ob Douglasie oder Eiche, ob grauer oder farbiger Sichtbeton, gestalterisch ist jede Kombination umsetzbar.<\/p>\n<p><a href=\"https:\/\/fertigteilwerk-rau.de\/?page_id=4547\">Sprechen Sie uns an!<\/a><\/p>\n<div class=\"demo-sep sep-none\" style=\"margin-top:20px;\"><\/div>\n<p><a href=\"https:\/\/fertigteilwerk-rau.de\/?page_id=5188\">Beispielbilder finden Sie in den Referenzen unter Stadtm\u00f6bel<\/a><\/p>\n<div class=\"demo-sep sep-none\" style=\"margin-top:100px;\"><\/div>\n<\/div><div class=\"clearboth\"><\/div>\n<div class=\"one_half\">\n<style type='text\/css'>\n\t#imageframe-2.imageframe{float:left;}\n\t#imageframe-2.imageframe img{border:0px solid #f6f6f6;}\n\t#imageframe-2.imageframe-glow img{\n\t\t-moz-box-shadow: 0 0 3px rgba(0,0,0,.3); \/* outer glow *\/\n\t\t-webkit-box-shadow: 0 0 3px rgba(0,0,0,.3); \/* outer glow *\/\n\t\tbox-shadow: 0 0 3px rgba(0,0,0,.3); \/* outer glow *\/\n\t}\n\t#imageframe-2.imageframe-dropshadow img{\n\t\t-moz-box-shadow: 2px 3px 7px rgba(0,0,0,.3); \/* drop shadow *\/\n\t\t-webkit-box-shadow: 2px 3px 7px rgba(0,0,0,.3); \/* drop shadow *\/\n\t\tbox-shadow: 2px 3px 7px rgba(0,0,0,.3); \/* drop shadow *\/\n\t}\n\t<\/style>\n\t<span id=\"imageframe-2\" class=\"imageframe imageframe-none\">\n<p><img decoding=\"async\" src=\"https:\/\/fertigteilwerk-rau.de\/wp-content\/uploads\/2021\/08\/Bericht_PHH.jpg\" \/><\/span>\n<div class=\"demo-sep sep-none\" style=\"margin-top:px;\"><\/div>\n<p><\/div>\n<div class=\"one_half last\">\n<p style=\"text-align: left;\">F\u00fcr ein luxuri\u00f6ses Vier-Sterne-Plus-Hotel in Heilbronn entwarfen die Berthold Architekten BDA eine Fassade mit horizontalem Gesimse und senkrechten Pilastern\u00a0\u00a0\u00a0 aus wei\u00dfem Sichtbeton. Diese Gesimse aus wei\u00dfem Sichtbeton wurden mit tragenden W\u00e4rmed\u00e4mmelementen Sch\u00f6ck Isokorb f\u00fcr auskragende Bauteile befestigt und thermisch getrennt. Eine effiziente und innovative L\u00f6sung.<\/p>\n<div class=\"demo-sep sep-none\" style=\"margin-top:20px;\"><\/div>\n<p><a href=\"https:\/\/www.schoeck.com\/de\/presse\/parkhotel-heilbronn-mit-exklusiver-fassadengestaltung\">Lesen Sie hier den ganzen Artikel<\/a><\/p>\n<div class=\"demo-sep sep-none\" style=\"margin-top:-20px;\"><\/div>\n<p>Quelle: www.schoeck.com<\/p>\n<p><\/div><div class=\"clearboth\"><\/div>\n<div class=\"demo-sep sep-none\" style=\"margin-top:30px;\"><\/div>\n<div class=\"one_half\">\n<style type='text\/css'>\n\t#imageframe-3.imageframe{float:left;}\n\t#imageframe-3.imageframe img{border:0px solid #f6f6f6;}\n\t#imageframe-3.imageframe-glow img{\n\t\t-moz-box-shadow: 0 0 3px rgba(0,0,0,.3); \/* outer glow *\/\n\t\t-webkit-box-shadow: 0 0 3px rgba(0,0,0,.3); \/* outer glow *\/\n\t\tbox-shadow: 0 0 3px rgba(0,0,0,.3); \/* outer glow *\/\n\t}\n\t#imageframe-3.imageframe-dropshadow img{\n\t\t-moz-box-shadow: 2px 3px 7px rgba(0,0,0,.3); \/* drop shadow *\/\n\t\t-webkit-box-shadow: 2px 3px 7px rgba(0,0,0,.3); \/* drop shadow *\/\n\t\tbox-shadow: 2px 3px 7px rgba(0,0,0,.3); \/* drop shadow *\/\n\t}\n\t<\/style>\n\t<span id=\"imageframe-3\" class=\"imageframe imageframe-none\">\n<p><img decoding=\"async\" src=\"https:\/\/fertigteilwerk-rau.de\/wp-content\/uploads\/2021\/08\/Bericht_HBS.jpg\" \/><\/span>\n<div class=\"demo-sep sep-none\" style=\"margin-top:px;\"><\/div>\n<p><\/div>\n<div class=\"one_half last\">\n<p>Mit den Hangbefestigungssteinen von Rau lassen sich auch komplizierte B\u00f6schungs-<br \/>\nsituationen schnell und preiswert abst\u00fctzen und das ohne betonieren. Durch das<br \/>\nhohes Gewicht und eine leichte Neigung zum Hang hin st\u00fctzen Rau Hangbefestigungs-<br \/>\nsteine dauerhaft und zuverl\u00e4ssig ab. Durch die nat\u00fcrliche Optik und die freie Wahl<br \/>\nin der Gestaltung der Oberfl\u00e4che lassen sich Rau Hangbefestigungssteine perfekt<br \/>\nauf Ihre Bed\u00fcrfnisse abstimmen. <a href=\"https:\/\/fertigteilwerk-rau.de\/?page_id=4547\">Sprechen Sie uns an!<\/a><\/p>\n<div class=\"demo-sep sep-none\" style=\"margin-top:20px;\"><\/div>\n<p><a href=\"https:\/\/fertigteilwerk-rau.de\/?page_id=5892http:\/\/\">Mehr Informationen zu Rau Hangefestigungssteinen<\/a><\/p>\n<div class=\"demo-sep sep-none\" style=\"margin-top:100px;\"><\/div>\n<\/div><div class=\"clearboth\"><\/div>\n<div class=\"one_half\">\n<p><img decoding=\"async\" src=\"https:\/\/fertigteilwerk-rau.de\/wp-content\/uploads\/2021\/08\/Bericht_TE.jpg\" \/><style type='text\/css'>\n\t#imageframe-4.imageframe{float:left;}\n\t#imageframe-4.imageframe img{border:0px solid #f6f6f6;}\n\t#imageframe-4.imageframe-glow img{\n\t\t-moz-box-shadow: 0 0 3px rgba(0,0,0,.3); \/* outer glow *\/\n\t\t-webkit-box-shadow: 0 0 3px rgba(0,0,0,.3); \/* outer glow *\/\n\t\tbox-shadow: 0 0 3px rgba(0,0,0,.3); \/* outer glow *\/\n\t}\n\t#imageframe-4.imageframe-dropshadow img{\n\t\t-moz-box-shadow: 2px 3px 7px rgba(0,0,0,.3); \/* drop shadow *\/\n\t\t-webkit-box-shadow: 2px 3px 7px rgba(0,0,0,.3); \/* drop shadow *\/\n\t\tbox-shadow: 2px 3px 7px rgba(0,0,0,.3); \/* drop shadow *\/\n\t}\n\t<\/style>\n\t<span id=\"imageframe-4\" class=\"imageframe imageframe-none\"><\/span>\n<div class=\"demo-sep sep-none\" style=\"margin-top:px;\"><\/div>\n<\/div>\n<div class=\"one_half last\">\n<p>Eine umfassende Erweiterung in der Therme Erding erforderte das ganze Know-how<br \/>\nvom Fertigteil-Spezialisten Armin Rau und seinem Team bei der Rau-Betonfertigteile<br \/>\nGmbH &amp; Co. KG in Ebhausen. Denn das neu erstellte Hotel in Gestalt des ber\u00fchmten<br \/>\nGro\u00dfseglers &#8222;HMS Victory&#8220; ben\u00f6tigte spezielle Balkone in Schiffsbugform.<br \/>\nKeine leichte Aufgabe, sollte doch an den Betonfertigteilen neben einer Reling auch<br \/>\nein 2,5 m hohes Segel als Sichtschutz montierbar sein.<\/p>\n<p><a href=\"https:\/\/fertigteilwerk-rau.de\/wp-content\/uploads\/2015\/06\/Lafarge_Neu.pdf\">Lesen Sie hier den ganzen Artikel<\/a><\/p>\n<div class=\"demo-sep sep-none\" style=\"margin-top:-20px;\"><\/div>\n<p>Quelle: LAFARGE Kundenmagazin 1\/2015<\/p>\n<p><\/div><div class=\"clearboth\"><\/div>\n<div class=\"demo-sep sep-none\" style=\"margin-top:80px;\"><\/div>\n<p style=\"text-align: center;\"><span style=\"color: #999999;\">Bei Fragen rufen Sie uns gerne unter<\/span><span style=\"color: #333333;\"> +49 (0) 7458 \/ 988 180<\/span> <span style=\"color: #999999;\">an oder schicken Sie eine Email an :<\/span> <span style=\"color: #333333;\">info(at)fertigteilwerk-rau.de<\/span><\/p>\n<div class=\"demo-sep sep-none\" style=\"margin-top:30px;\"><\/div>\n<h3 style=\"text-align: center;\">Wir freuen uns auf Sie!<\/h3>\n<div class=\"demo-sep sep-none\" style=\"margin-top:10px;\"><\/div>\n<h6 style=\"text-align: center;\"><\/h6>\n<h6 style=\"text-align: center;\"><a title=\"Copyright &amp; Impressum\" href=\"https:\/\/fertigteilwerk-rau.de\/?page_id=4738\">Copyright &amp; Impressum\u00a0\u00a0|\u00a0 <\/a><a href=\"https:\/\/fertigteilwerk-rau.de\/?page_id=5982\">Datenschutzverordnung<\/a><\/h6>\n<div class=\"demo-sep sep-none\" style=\"margin-top:10px;\"><\/div>\n","protected":false},"excerpt":{"rendered":"<p>\u00a0Herzlich Willkommen bei Ihrem Betonfertigteilwerk Rau! Bei Fragen rufen Sie uns gerne unter +49 (0) 7458 \/ 988 180 an oder schicken Sie eine Email an : info(at)fertigteilwerk-rau.de Wir freuen uns auf Sie! Copyright &amp; Impressum\u00a0\u00a0|\u00a0 Datenschutzverordnung<\/p>\n","protected":false},"author":566,"featured_media":0,"parent":0,"menu_order":0,"comment_status":"open","ping_status":"closed","template":"100-width.php","meta":[],"_links":{"self":[{"href":"https:\/\/fertigteilwerk-rau.de\/index.php?rest_route=\/wp\/v2\/pages\/3610"}],"collection":[{"href":"https:\/\/fertigteilwerk-rau.de\/index.php?rest_route=\/wp\/v2\/pages"}],"about":[{"href":"https:\/\/fertigteilwerk-rau.de\/index.php?rest_route=\/wp\/v2\/types\/page"}],"author":[{"embeddable":true,"href":"https:\/\/fertigteilwerk-rau.de\/index.php?rest_route=\/wp\/v2\/users\/566"}],"replies":[{"embeddable":true,"href":"https:\/\/fertigteilwerk-rau.de\/index.php?rest_route=%2Fwp%2Fv2%2Fcomments&post=3610"}],"version-history":[{"count":121,"href":"https:\/\/fertigteilwerk-rau.de\/index.php?rest_route=\/wp\/v2\/pages\/3610\/revisions"}],"predecessor-version":[{"id":6250,"href":"https:\/\/fertigteilwerk-rau.de\/index.php?rest_route=\/wp\/v2\/pages\/3610\/revisions\/6250"}],"wp:attachment":[{"href":"https:\/\/fertigteilwerk-rau.de\/index.php?rest_route=%2Fwp%2Fv2%2Fmedia&parent=3610"}],"curies":[{"name":"wp","href":"https:\/\/api.w.org\/{rel}","templated":true}]}}