{"id":4796,"date":"2013-11-25T17:47:18","date_gmt":"2013-11-25T15:47:18","guid":{"rendered":"http:\/\/fertigteilwerk-rau.de\/?page_id=4796"},"modified":"2020-05-05T12:42:34","modified_gmt":"2020-05-05T10:42:34","slug":"links","status":"publish","type":"page","link":"https:\/\/fertigteilwerk-rau.de\/?page_id=4796","title":{"rendered":"LINKS"},"content":{"rendered":"<h1><i style=\"color:#58585a !important;background-color:#ffffff !important;border:1px solid #ecd223 !important;\"class=\"fontawesome-icon medium circle-yes icon-share animated\"animation_type=\"bounceInLeft\" animation_duration=\"0.5\"><\/i><\/h1>\n<div class=\"demo-sep sep-none\" style=\"margin-top:-50px;\"><\/div>\n<h2><strong>Links<\/strong><\/h2>\n<div class=\"demo-sep sep-none\" style=\"margin-top:40px;\"><\/div>\n<h4>Besuchen Sie auch:<\/h4>\n<div class=\"demo-sep sep-single\" style=\"margin-top:10px;margin-bottom:10px\"><\/div>\n<div class=\"demo-sep sep-none\" style=\"margin-top:30px;\"><\/div>\n<h4><span style=\"color: #c0c0c0;\"><span style=\"color: #c0c0c0;\"><span style=\"color: #000000;\"><a href=\"http:\/\/www.beton.org\">www.beton.org<\/a><\/span><\/span><\/span>\u00a0\u00a0\u00a0\u00a0\u00a0\u00a0\u00a0\u00a0\u00a0\u00a0\u00a0\u00a0\u00a0\u00a0\u00a0\u00a0\u00a0\u00a0\u00a0\u00a0\u00a0\u00a0<span style=\"color: #999999;\"> &#8211;\u00a0 Gemeinsamer Internetauftritt der Bundesverb\u00e4nde der deutschen Zement- und Betonindustrie<\/span><\/h4>\n<h4 style=\"text-align: left;\"><span style=\"color: #808080;\"><span style=\"color: #000000;\"><a href=\"http:\/\/www.gbb-rau.de\">www.gbb-rau.de<\/a><\/span>\u00a0<\/span>\u00a0\u00a0\u00a0\u00a0\u00a0\u00a0\u00a0\u00a0\u00a0\u00a0\u00a0\u00a0\u00a0\u00a0\u00a0\u00a0\u00a0\u00a0\u00a0\u00a0 <span style=\"color: #999999;\">&#8211;\u00a0 Armin Rau \u00a0T\u00dcV-zertifizierter Gutachter f\u00fcr Bausch\u00e4den, Schimmelsch\u00e4den, Betonfertigteile<\/span><\/h4>\n<h4 style=\"text-align: left;\"><span style=\"color: #000000;\"><a href=\"http:\/\/www.Betonservice.de\">www.Betonservice.de<\/a><\/span> \u00a0 \u00a0 \u00a0 \u00a0\u00a0\u00a0\u00a0<span style=\"color: #999999;\"> &#8211;\u00a0 Fachverband Beton- und Fertigteilwerke Baden-W\u00fcrttemberg e.V.<\/span><\/h4>\n<h4 style=\"text-align: left;\"><\/h4>\n<p style=\"text-align: left;\"><div class=\"demo-sep sep-single\" style=\"margin-top:30px;margin-bottom:30px\"><\/div>\n","protected":false},"excerpt":{"rendered":"<p>Links Besuchen Sie auch: www.beton.org\u00a0\u00a0\u00a0\u00a0\u00a0\u00a0\u00a0\u00a0\u00a0\u00a0\u00a0\u00a0\u00a0\u00a0\u00a0\u00a0\u00a0\u00a0\u00a0\u00a0\u00a0\u00a0 &#8211;\u00a0 Gemeinsamer Internetauftritt der Bundesverb\u00e4nde der deutschen Zement- und Betonindustrie www.gbb-rau.de\u00a0\u00a0\u00a0\u00a0\u00a0\u00a0\u00a0\u00a0\u00a0\u00a0\u00a0\u00a0\u00a0\u00a0\u00a0\u00a0\u00a0\u00a0\u00a0\u00a0\u00a0 &#8211;\u00a0 Armin Rau \u00a0T\u00dcV-zertifizierter Gutachter f\u00fcr Bausch\u00e4den, Schimmelsch\u00e4den, Betonfertigteile www.Betonservice.de \u00a0 \u00a0 \u00a0 \u00a0\u00a0\u00a0\u00a0 &#8211;\u00a0 Fachverband Beton- und Fertigteilwerke Baden-W\u00fcrttemberg e.V.<\/p>\n","protected":false},"author":566,"featured_media":0,"parent":0,"menu_order":0,"comment_status":"open","ping_status":"open","template":"full-width.php","meta":[],"_links":{"self":[{"href":"https:\/\/fertigteilwerk-rau.de\/index.php?rest_route=\/wp\/v2\/pages\/4796"}],"collection":[{"href":"https:\/\/fertigteilwerk-rau.de\/index.php?rest_route=\/wp\/v2\/pages"}],"about":[{"href":"https:\/\/fertigteilwerk-rau.de\/index.php?rest_route=\/wp\/v2\/types\/page"}],"author":[{"embeddable":true,"href":"https:\/\/fertigteilwerk-rau.de\/index.php?rest_route=\/wp\/v2\/users\/566"}],"replies":[{"embeddable":true,"href":"https:\/\/fertigteilwerk-rau.de\/index.php?rest_route=%2Fwp%2Fv2%2Fcomments&post=4796"}],"version-history":[{"count":42,"href":"https:\/\/fertigteilwerk-rau.de\/index.php?rest_route=\/wp\/v2\/pages\/4796\/revisions"}],"predecessor-version":[{"id":6107,"href":"https:\/\/fertigteilwerk-rau.de\/index.php?rest_route=\/wp\/v2\/pages\/4796\/revisions\/6107"}],"wp:attachment":[{"href":"https:\/\/fertigteilwerk-rau.de\/index.php?rest_route=%2Fwp%2Fv2%2Fmedia&parent=4796"}],"curies":[{"name":"wp","href":"https:\/\/api.w.org\/{rel}","templated":true}]}}