{"id":4898,"date":"2013-12-13T15:42:08","date_gmt":"2013-12-13T13:42:08","guid":{"rendered":"http:\/\/fertigteilwerk-rau.de\/?page_id=4898"},"modified":"2019-05-11T12:12:55","modified_gmt":"2019-05-11T10:12:55","slug":"bausysteme","status":"publish","type":"page","link":"https:\/\/fertigteilwerk-rau.de\/?page_id=4898","title":{"rendered":"BAUSYSTEME"},"content":{"rendered":"<h2>Rau Bausysteme<\/h2>\n<div class=\"demo-sep sep-single\" style=\"margin-top:20px;margin-bottom:20px\"><\/div>\n<p>&nbsp;<\/p>\n<div class=\"demo-sep sep-none\" style=\"margin-top:-50px;\"><\/div>\n<p>&nbsp;<\/p>\n<div class=\"one_half\">\n<p>RAU-Bausysteme &#8211; Ein Tragsystem f\u00fcr alle Innen- und Au\u00dfenw\u00e4nde eines Geb\u00e4udes.<\/p>\n<p style=\"text-align: justify;\">Die RAU-Normalbetonschalungssteine sind eine verlorene Schalung f\u00fcr die tragenden Betons\u00e4ulen der Innen- und Au\u00dfenw\u00e4nde. Vorteile: Gleiches Schwind- und Kriechverhalten von Innen- und Au\u00dfenw\u00e4nden, also keine Risse durch Materialwechsel. Au\u00dfenw\u00e4nde mit hohen w\u00e4rmed\u00e4mmenden Eigenschaften, Innenw\u00e4nde mit hohem Schallschutz.<\/p>\n<p style=\"text-align: justify;\"><\/div>\n<p style=\"text-align: justify;\"><div class=\"one_half last\">\n<style type='text\/css'>\n\t#imageframe-1.imageframe{float:right;}\n\t#imageframe-1.imageframe img{border:5px solid #ffffff;}\n\t#imageframe-1.imageframe-glow img{\n\t\t-moz-box-shadow: 0 0 3px rgba(0,0,0,.3); \/* outer glow *\/\n\t\t-webkit-box-shadow: 0 0 3px rgba(0,0,0,.3); \/* outer glow *\/\n\t\tbox-shadow: 0 0 3px rgba(0,0,0,.3); \/* outer glow *\/\n\t}\n\t#imageframe-1.imageframe-dropshadow img{\n\t\t-moz-box-shadow: 2px 3px 7px rgba(0,0,0,.3); \/* drop shadow *\/\n\t\t-webkit-box-shadow: 2px 3px 7px rgba(0,0,0,.3); \/* drop shadow *\/\n\t\tbox-shadow: 2px 3px 7px rgba(0,0,0,.3); \/* drop shadow *\/\n\t}\n\t<\/style>\n\t<span id=\"imageframe-1\" class=\"imageframe imageframe-none animated\" animation_type=\"fadeInUp\"><a href=\"https:\/\/fertigteilwerk-rau.de\/wp-content\/uploads\/2013\/12\/BAUSYSTEME.jpg\" rel=\"prettyPhoto\"><img decoding=\"async\" alt=\"Diverse Steine aus dem Rau-Bausystem\" src=\"https:\/\/fertigteilwerk-rau.de\/wp-content\/uploads\/2013\/12\/BAUSYSTEME.jpg\" \/><\/a><\/span>\n<p>&nbsp;<\/p>\n<p style=\"text-align: justify;\"><\/div><div class=\"clearboth\"><\/div>\n<p>&nbsp;<\/p>\n<p style=\"text-align: justify;\">\n","protected":false},"excerpt":{"rendered":"<p>Rau Bausysteme &nbsp; &nbsp; &nbsp;<\/p>\n","protected":false},"author":566,"featured_media":0,"parent":0,"menu_order":0,"comment_status":"open","ping_status":"open","template":"full-width.php","meta":[],"_links":{"self":[{"href":"https:\/\/fertigteilwerk-rau.de\/index.php?rest_route=\/wp\/v2\/pages\/4898"}],"collection":[{"href":"https:\/\/fertigteilwerk-rau.de\/index.php?rest_route=\/wp\/v2\/pages"}],"about":[{"href":"https:\/\/fertigteilwerk-rau.de\/index.php?rest_route=\/wp\/v2\/types\/page"}],"author":[{"embeddable":true,"href":"https:\/\/fertigteilwerk-rau.de\/index.php?rest_route=\/wp\/v2\/users\/566"}],"replies":[{"embeddable":true,"href":"https:\/\/fertigteilwerk-rau.de\/index.php?rest_route=%2Fwp%2Fv2%2Fcomments&post=4898"}],"version-history":[{"count":21,"href":"https:\/\/fertigteilwerk-rau.de\/index.php?rest_route=\/wp\/v2\/pages\/4898\/revisions"}],"predecessor-version":[{"id":6020,"href":"https:\/\/fertigteilwerk-rau.de\/index.php?rest_route=\/wp\/v2\/pages\/4898\/revisions\/6020"}],"wp:attachment":[{"href":"https:\/\/fertigteilwerk-rau.de\/index.php?rest_route=%2Fwp%2Fv2%2Fmedia&parent=4898"}],"curies":[{"name":"wp","href":"https:\/\/api.w.org\/{rel}","templated":true}]}}