{"id":4916,"date":"2013-12-15T21:24:17","date_gmt":"2013-12-15T19:24:17","guid":{"rendered":"http:\/\/fertigteilwerk-rau.de\/?page_id=4916"},"modified":"2020-03-11T15:22:27","modified_gmt":"2020-03-11T13:22:27","slug":"bauphysikalische-systeme","status":"publish","type":"page","link":"https:\/\/fertigteilwerk-rau.de\/?page_id=4916","title":{"rendered":"BAUPHYSIKALISCHE KONZEPTE"},"content":{"rendered":"<h2>Bauphysikalische Konzepte<\/h2>\n<div class=\"demo-sep sep-single\" style=\"margin-top:20px;margin-bottom:20px\"><\/div>\n<div class=\"demo-sep sep-none\" style=\"margin-top:-10px;\"><\/div>\n<div class=\"one_half last\"><\/div><div class=\"clearboth\"><\/div>\n<h3 style=\"text-align: justify;\"><a href=\"https:\/\/fertigteilwerk-rau.de\/wp-content\/uploads\/2013\/12\/Naturstoff1.png\"><img decoding=\"async\" loading=\"lazy\" class=\"alignnone size-full wp-image-4933\" src=\"https:\/\/fertigteilwerk-rau.de\/wp-content\/uploads\/2013\/12\/Naturstoff1.png\" alt=\"Naturstoff\" width=\"100\" height=\"100\" srcset=\"https:\/\/fertigteilwerk-rau.de\/wp-content\/uploads\/2013\/12\/Naturstoff1.png 100w, https:\/\/fertigteilwerk-rau.de\/wp-content\/uploads\/2013\/12\/Naturstoff1-66x66.png 66w\" sizes=\"(max-width: 100px) 100vw, 100px\" \/><\/a><\/h3>\n<h3 style=\"text-align: justify;\">Rohstoffe:<\/h3>\n<p style=\"text-align: justify;\">F\u00fcr die Herstellung der RAU-Betonschalungssteine werden nur nat\u00fcrliche Rohstoffe verwendet: Zement, Kalksplitt und Wasser, ohne k\u00fcnstlich hergestellte Zusatzstoffe.<\/p>\n<p style=\"text-align: justify;\"><div class=\"demo-sep sep-none\" style=\"margin-top:60px;\"><\/div>\n<h3 style=\"text-align: justify;\"><a href=\"https:\/\/fertigteilwerk-rau.de\/wp-content\/uploads\/2013\/12\/belastbar.png\"><img decoding=\"async\" loading=\"lazy\" class=\"alignnone size-full wp-image-4931\" src=\"https:\/\/fertigteilwerk-rau.de\/wp-content\/uploads\/2013\/12\/belastbar.png\" alt=\"belastbar\" width=\"100\" height=\"100\" srcset=\"https:\/\/fertigteilwerk-rau.de\/wp-content\/uploads\/2013\/12\/belastbar.png 100w, https:\/\/fertigteilwerk-rau.de\/wp-content\/uploads\/2013\/12\/belastbar-66x66.png 66w\" sizes=\"(max-width: 100px) 100vw, 100px\" \/><\/a><\/h3>\n<h3 style=\"text-align: justify;\">Tragf\u00e4higkeit der W\u00e4nde:<\/h3>\n<p style=\"text-align: justify;\">Das RAU-Bausystem ist ohne besonderen statischen Nachweis f\u00fcr f\u00fcnf Vollgeschosse zugelassen. Allein tragend dabei ist der Kernbeton, die Schalungssteine tragen nicht mit (verlorene Schalung). Die W\u00e4nde sind alle nach den entsprechenden Betonnormen zu bemessen.<\/p>\n<p style=\"text-align: justify;\"><div class=\"demo-sep sep-none\" style=\"margin-top:60px;\"><\/div>\n<h3><a href=\"https:\/\/fertigteilwerk-rau.de\/wp-content\/uploads\/2013\/12\/Schallschutz.png\"><img decoding=\"async\" loading=\"lazy\" src=\"https:\/\/fertigteilwerk-rau.de\/wp-content\/uploads\/2013\/12\/Schallschutz.png\" alt=\"Schallschutz\" width=\"100\" height=\"100\" \/><\/a><\/h3>\n<h3 style=\"text-align: justify;\">Schalld\u00e4mmung:<\/h3>\n<p style=\"text-align: justify;\">Durch das hohe Raumgewicht der gef\u00fcllten Kammern der RAU-Betonschalungssteine wird eine gute Schalld\u00e4mmung erzielt. Bei den RAU-Normalbetonschalungssteinen haben die Schalungssteine die gleiche Rohdichte wie der Kernbeton. Die gesamt Wandst\u00e4rke mindert den Luftschall dadurch besonders gut.<\/p>\n<address style=\"text-align: justify;\">Bsp.: Schalld\u00e4mmma\u00df Typ R 17,5 NB = 54 R&#8217;dB und Typ R 24 NB = 59 R&#8217;dB.<\/address>\n<address style=\"text-align: justify;\">\u00a0<\/address>\n<p style=\"text-align: justify;\"><div class=\"demo-sep sep-none\" style=\"margin-top:60px;\"><\/div>\n<h3><a href=\"https:\/\/fertigteilwerk-rau.de\/wp-content\/uploads\/2013\/12\/waermedaemmend.png\"><img decoding=\"async\" loading=\"lazy\" src=\"https:\/\/fertigteilwerk-rau.de\/wp-content\/uploads\/2013\/12\/waermedaemmend.png\" alt=\"waermedaemmend\" width=\"100\" height=\"100\" \/><\/a><\/h3>\n<h3 style=\"text-align: justify;\">W\u00e4rmespeicherung:<\/h3>\n<p style=\"text-align: justify;\">Der schwere Wandkern aus Beton speichert W\u00e4rme. Der Kernbeton gibt die gespeicherte W\u00e4rme sehr langsam an den Innenraum ab.<\/p>\n<p style=\"text-align: justify;\"><div class=\"demo-sep sep-none\" style=\"margin-top:60px;\"><\/div>\n<p>\u00a0<a href=\"https:\/\/fertigteilwerk-rau.de\/wp-content\/uploads\/2013\/12\/Brandschutz.png\"><img decoding=\"async\" loading=\"lazy\" class=\"alignnone size-full wp-image-4941\" src=\"https:\/\/fertigteilwerk-rau.de\/wp-content\/uploads\/2013\/12\/Brandschutz.png\" alt=\"Brandschutz\" width=\"100\" height=\"100\" srcset=\"https:\/\/fertigteilwerk-rau.de\/wp-content\/uploads\/2013\/12\/Brandschutz.png 100w, https:\/\/fertigteilwerk-rau.de\/wp-content\/uploads\/2013\/12\/Brandschutz-66x66.png 66w\" sizes=\"(max-width: 100px) 100vw, 100px\" \/><\/a><\/p>\n<h3>\u00a0Brandschutz:<\/h3>\n<p style=\"text-align: justify;\">Einzelw\u00e4nde aus RAU-Normalbetonschalungssteine 20 cm, 24 cm und 30 cm sind als Brandw\u00e4nde zugelassen. W\u00e4nde aus R 17,5 NB: 2 W\u00e4nde nebeneinander mit 4 cm Schalltrennung zwischen den W\u00e4nden sind als Brandw\u00e4nde zugelassen.<\/p>\n<p style=\"text-align: justify;\"><div class=\"demo-sep sep-none\" style=\"margin-top:60px;\"><\/div>\n<p style=\"text-align: justify;\"><a href=\"https:\/\/fertigteilwerk-rau.de\/wp-content\/uploads\/2013\/12\/Schwind_kriechschutz.png\"><img decoding=\"async\" loading=\"lazy\" src=\"https:\/\/fertigteilwerk-rau.de\/wp-content\/uploads\/2013\/12\/Schwind_kriechschutz.png\" alt=\"Schwind_kriechschutz\" width=\"100\" height=\"100\" \/><\/a><\/p>\n<h3>Schwind- und Kriechverhalten \/ keine systembedingten Risse:<\/h3>\n<p>Die Lastabtragung erfolgt nur \u00fcber die durchgehenden Betons\u00e4ulen in den Kammern der Schalungssteine. Innen- und Au\u00dfenw\u00e4nde haben also das gleiche Schwind- und Kriechverhalten wie die Betondecken. Risse durch Materialwechsel k\u00f6nnen nicht entstehen.<\/p>\n","protected":false},"excerpt":{"rendered":"<p>Bauphysikalische Konzepte Rohstoffe: F\u00fcr die Herstellung der RAU-Betonschalungssteine werden nur nat\u00fcrliche Rohstoffe verwendet: Zement, Kalksplitt und Wasser, ohne k\u00fcnstlich hergestellte Zusatzstoffe. Tragf\u00e4higkeit der W\u00e4nde: Das RAU-Bausystem ist ohne besonderen statischen Nachweis f\u00fcr f\u00fcnf Vollgeschosse zugelassen. Allein tragend dabei ist der Kernbeton, die Schalungssteine tragen nicht mit (verlorene Schalung). Die W\u00e4nde sind alle nach den entsprechenden Betonnormen zu bemessen. Schalld\u00e4mmung: Durch [&hellip;]<\/p>\n","protected":false},"author":566,"featured_media":0,"parent":0,"menu_order":0,"comment_status":"open","ping_status":"open","template":"full-width.php","meta":[],"_links":{"self":[{"href":"https:\/\/fertigteilwerk-rau.de\/index.php?rest_route=\/wp\/v2\/pages\/4916"}],"collection":[{"href":"https:\/\/fertigteilwerk-rau.de\/index.php?rest_route=\/wp\/v2\/pages"}],"about":[{"href":"https:\/\/fertigteilwerk-rau.de\/index.php?rest_route=\/wp\/v2\/types\/page"}],"author":[{"embeddable":true,"href":"https:\/\/fertigteilwerk-rau.de\/index.php?rest_route=\/wp\/v2\/users\/566"}],"replies":[{"embeddable":true,"href":"https:\/\/fertigteilwerk-rau.de\/index.php?rest_route=%2Fwp%2Fv2%2Fcomments&post=4916"}],"version-history":[{"count":19,"href":"https:\/\/fertigteilwerk-rau.de\/index.php?rest_route=\/wp\/v2\/pages\/4916\/revisions"}],"predecessor-version":[{"id":6068,"href":"https:\/\/fertigteilwerk-rau.de\/index.php?rest_route=\/wp\/v2\/pages\/4916\/revisions\/6068"}],"wp:attachment":[{"href":"https:\/\/fertigteilwerk-rau.de\/index.php?rest_route=%2Fwp%2Fv2%2Fmedia&parent=4916"}],"curies":[{"name":"wp","href":"https:\/\/api.w.org\/{rel}","templated":true}]}}