{"id":4945,"date":"2013-12-16T13:48:35","date_gmt":"2013-12-16T11:48:35","guid":{"rendered":"http:\/\/fertigteilwerk-rau.de\/?page_id=4945"},"modified":"2014-01-06T14:48:05","modified_gmt":"2014-01-06T12:48:05","slug":"binder-traeger-stuetzen","status":"publish","type":"page","link":"https:\/\/fertigteilwerk-rau.de\/?page_id=4945","title":{"rendered":"BINDER TRAEGER STUETZEN"},"content":{"rendered":"<h2>Binder Tr\u00e4ger St\u00fctzen<\/h2>\n<div class=\"demo-sep sep-single\" style=\"margin-top:20px;margin-bottom:20px\"><\/div>\n<p>&nbsp;<\/p>\n<div class=\"demo-sep sep-none\" style=\"margin-top:-50px;\"><\/div>\n<p>&nbsp;<\/p>\n<div class=\"one_half\">\n<p>In Punkto Brandschutz ist der Stahlbetonskelettbau ungeschlagen. Wir fertigen alle daf\u00fcr notwendigen, schlaff bewehrten Bauteile wie Binder, Tr\u00e4ger, St\u00fctzen, Frostsch\u00fcrzen, Fundamente usw.<\/p>\n<p>&nbsp;<\/p>\n<p>&nbsp;<\/p>\n<p>&nbsp;<\/p>\n<div class=\"demo-sep sep-none\" style=\"margin-top:95px;\"><\/div>\n<p>Mehr Bilder finden Sie in unseren <a href=\"https:\/\/fertigteilwerk-rau.de\/?page_id=5188\">Referenzen<\/a>.<\/p>\n<p>&nbsp;<\/p>\n<p><\/div>\n<div class=\"one_half last\">\n<style type='text\/css'>\n\t#imageframe-1.imageframe{float:right;}\n\t#imageframe-1.imageframe img{border:5px solid #ffffff;}\n\t#imageframe-1.imageframe-glow img{\n\t\t-moz-box-shadow: 0 0 3px rgba(0,0,0,.3); \/* outer glow *\/\n\t\t-webkit-box-shadow: 0 0 3px rgba(0,0,0,.3); \/* outer glow *\/\n\t\tbox-shadow: 0 0 3px rgba(0,0,0,.3); \/* outer glow *\/\n\t}\n\t#imageframe-1.imageframe-dropshadow img{\n\t\t-moz-box-shadow: 2px 3px 7px rgba(0,0,0,.3); \/* drop shadow *\/\n\t\t-webkit-box-shadow: 2px 3px 7px rgba(0,0,0,.3); \/* drop shadow *\/\n\t\tbox-shadow: 2px 3px 7px rgba(0,0,0,.3); \/* drop shadow *\/\n\t}\n\t<\/style>\n\t<span id=\"imageframe-1\" class=\"imageframe imageframe-none animated\" animation_type=\"fadeInUp\"><a href=\"https:\/\/fertigteilwerk-rau.de\/wp-content\/uploads\/2013\/12\/BINDERTRAEGERSTUETZEN.jpg\" rel=\"prettyPhoto\">\n<p><a title=\"Stahlbetontr\u00e4ger von Rau\" href=\"https:\/\/fertigteilwerk-rau.de\/wp-content\/uploads\/2013\/12\/BINDERTRAEGERSTUETZEN.jpg\" rel=\"prettyPhoto\"><img decoding=\"async\" alt=\"\" src=\"https:\/\/fertigteilwerk-rau.de\/wp-content\/uploads\/2013\/12\/BINDERTRAEGERSTUETZEN.jpg\" \/><\/a><\/a><\/span>\n<p><\/div><div class=\"clearboth\"><\/div>\n","protected":false},"excerpt":{"rendered":"<p>Binder Tr\u00e4ger St\u00fctzen &nbsp; &nbsp;<\/p>\n","protected":false},"author":566,"featured_media":0,"parent":0,"menu_order":0,"comment_status":"open","ping_status":"open","template":"full-width.php","meta":[],"_links":{"self":[{"href":"https:\/\/fertigteilwerk-rau.de\/index.php?rest_route=\/wp\/v2\/pages\/4945"}],"collection":[{"href":"https:\/\/fertigteilwerk-rau.de\/index.php?rest_route=\/wp\/v2\/pages"}],"about":[{"href":"https:\/\/fertigteilwerk-rau.de\/index.php?rest_route=\/wp\/v2\/types\/page"}],"author":[{"embeddable":true,"href":"https:\/\/fertigteilwerk-rau.de\/index.php?rest_route=\/wp\/v2\/users\/566"}],"replies":[{"embeddable":true,"href":"https:\/\/fertigteilwerk-rau.de\/index.php?rest_route=%2Fwp%2Fv2%2Fcomments&post=4945"}],"version-history":[{"count":29,"href":"https:\/\/fertigteilwerk-rau.de\/index.php?rest_route=\/wp\/v2\/pages\/4945\/revisions"}],"predecessor-version":[{"id":5341,"href":"https:\/\/fertigteilwerk-rau.de\/index.php?rest_route=\/wp\/v2\/pages\/4945\/revisions\/5341"}],"wp:attachment":[{"href":"https:\/\/fertigteilwerk-rau.de\/index.php?rest_route=%2Fwp%2Fv2%2Fmedia&parent=4945"}],"curies":[{"name":"wp","href":"https:\/\/api.w.org\/{rel}","templated":true}]}}