{"id":4964,"date":"2013-12-16T14:03:19","date_gmt":"2013-12-16T12:03:19","guid":{"rendered":"http:\/\/fertigteilwerk-rau.de\/?page_id=4964"},"modified":"2014-01-06T14:55:50","modified_gmt":"2014-01-06T12:55:50","slug":"b_treppen","status":"publish","type":"page","link":"https:\/\/fertigteilwerk-rau.de\/?page_id=4964","title":{"rendered":"TREPPEN"},"content":{"rendered":"<h2>Treppen<\/h2>\n<div class=\"demo-sep sep-single\" style=\"margin-top:20px;margin-bottom:20px\"><\/div>\n<p>&nbsp;<\/p>\n<div class=\"demo-sep sep-none\" style=\"margin-top:-50px;\"><\/div>\n<p>&nbsp;<\/p>\n<div class=\"one_half\">\n<p>RAU-Treppenl\u00e4ufe &#8211; gradl\u00e4ufig, gezahnt oder gewendelt. In unserer Treppenproduktion machen wir nahezu alle Treppenformen mit und ohne angeformten Podesten, in allen f\u00fcr den Transport noch g\u00e4ngigen Gr\u00f6\u00dfen. Oberfl\u00e4chen glatt, gestrahlt oder strukturiert.<\/p>\n<p style=\"text-align: justify;\">Ausf\u00fchrung koloriert auf Anfrage.<\/p>\n<p>&nbsp;<\/p>\n<p>&nbsp;<\/p>\n<p>&nbsp;<\/p>\n<p>Mehr Bilder finden Sie in unseren <a href=\"https:\/\/fertigteilwerk-rau.de\/?page_id=5188\">Referenzen<\/a>.<\/p>\n<p>&nbsp;<\/p>\n<p><\/div>\n<div class=\"one_half last\">\n<style type='text\/css'>\n\t#imageframe-1.imageframe{float:right;}\n\t#imageframe-1.imageframe img{border:5px solid #ffffff;}\n\t#imageframe-1.imageframe-glow img{\n\t\t-moz-box-shadow: 0 0 3px rgba(0,0,0,.3); \/* outer glow *\/\n\t\t-webkit-box-shadow: 0 0 3px rgba(0,0,0,.3); \/* outer glow *\/\n\t\tbox-shadow: 0 0 3px rgba(0,0,0,.3); \/* outer glow *\/\n\t}\n\t#imageframe-1.imageframe-dropshadow img{\n\t\t-moz-box-shadow: 2px 3px 7px rgba(0,0,0,.3); \/* drop shadow *\/\n\t\t-webkit-box-shadow: 2px 3px 7px rgba(0,0,0,.3); \/* drop shadow *\/\n\t\tbox-shadow: 2px 3px 7px rgba(0,0,0,.3); \/* drop shadow *\/\n\t}\n\t<\/style>\n\t<span id=\"imageframe-1\" class=\"imageframe imageframe-none animated\" animation_type=\"fadeInUp\"><a href=\"https:\/\/fertigteilwerk-rau.de\/wp-content\/uploads\/2013\/12\/TREPPEN.jpg\" rel=\"prettyPhoto\">\n<p><a title=\"Treppe von Rau\" href=\"https:\/\/fertigteilwerk-rau.de\/wp-content\/uploads\/2013\/12\/TREPPEN.jpg\" rel=\"prettyPhoto\"><img decoding=\"async\" alt=\"\" src=\"https:\/\/fertigteilwerk-rau.de\/wp-content\/uploads\/2013\/12\/TREPPEN.jpg\" \/><\/a><\/a><\/span>\n<p>&nbsp;<\/p>\n<p><\/div><div class=\"clearboth\"><\/div>\n","protected":false},"excerpt":{"rendered":"<p>Treppen &nbsp; &nbsp;<\/p>\n","protected":false},"author":566,"featured_media":0,"parent":0,"menu_order":0,"comment_status":"open","ping_status":"open","template":"full-width.php","meta":[],"_links":{"self":[{"href":"https:\/\/fertigteilwerk-rau.de\/index.php?rest_route=\/wp\/v2\/pages\/4964"}],"collection":[{"href":"https:\/\/fertigteilwerk-rau.de\/index.php?rest_route=\/wp\/v2\/pages"}],"about":[{"href":"https:\/\/fertigteilwerk-rau.de\/index.php?rest_route=\/wp\/v2\/types\/page"}],"author":[{"embeddable":true,"href":"https:\/\/fertigteilwerk-rau.de\/index.php?rest_route=\/wp\/v2\/users\/566"}],"replies":[{"embeddable":true,"href":"https:\/\/fertigteilwerk-rau.de\/index.php?rest_route=%2Fwp%2Fv2%2Fcomments&post=4964"}],"version-history":[{"count":11,"href":"https:\/\/fertigteilwerk-rau.de\/index.php?rest_route=\/wp\/v2\/pages\/4964\/revisions"}],"predecessor-version":[{"id":5349,"href":"https:\/\/fertigteilwerk-rau.de\/index.php?rest_route=\/wp\/v2\/pages\/4964\/revisions\/5349"}],"wp:attachment":[{"href":"https:\/\/fertigteilwerk-rau.de\/index.php?rest_route=%2Fwp%2Fv2%2Fmedia&parent=4964"}],"curies":[{"name":"wp","href":"https:\/\/api.w.org\/{rel}","templated":true}]}}