{"id":4980,"date":"2013-12-16T14:29:29","date_gmt":"2013-12-16T12:29:29","guid":{"rendered":"http:\/\/fertigteilwerk-rau.de\/?page_id=4980"},"modified":"2014-01-06T14:51:54","modified_gmt":"2014-01-06T12:51:54","slug":"b_massivwaende","status":"publish","type":"page","link":"https:\/\/fertigteilwerk-rau.de\/?page_id=4980","title":{"rendered":"MASSIVW\u00c4NDE"},"content":{"rendered":"<h2>Massivw\u00e4nde<\/h2>\n<div class=\"demo-sep sep-single\" style=\"margin-top:20px;margin-bottom:20px\"><\/div>\n<p>&nbsp;<\/p>\n<div class=\"demo-sep sep-none\" style=\"margin-top:-50px;\"><\/div>\n<p>&nbsp;<\/p>\n<div class=\"one_half\">\n<p>Einschalige Vollw\u00e4nde, ein- oder beidseitig in Sichtbeton glatt\u00a0 und\/oder strukturiert lieferbar.<\/p>\n<h4>\u2022 Sonderoberfl\u00e4chen auf Anfrage.<\/h4>\n<h4>\u2022 Nahezu alle Gr\u00f6\u00dfe lieferbar (Transportgr\u00f6\u00dfen).<\/h4>\n<h4>\u2022 Wandst\u00e4rken frei w\u00e4hlbar<\/h4>\n<p>&nbsp;<\/p>\n<div class=\"demo-sep sep-none\" style=\"margin-top:85px;\"><\/div>\n<p>&nbsp;<\/p>\n<p><\/div>\n<div class=\"one_half last\">\n<style type='text\/css'>\n\t#imageframe-1.imageframe{float:right;}\n\t#imageframe-1.imageframe img{border:5px solid #ffffff;}\n\t#imageframe-1.imageframe-glow img{\n\t\t-moz-box-shadow: 0 0 3px rgba(0,0,0,.3); \/* outer glow *\/\n\t\t-webkit-box-shadow: 0 0 3px rgba(0,0,0,.3); \/* outer glow *\/\n\t\tbox-shadow: 0 0 3px rgba(0,0,0,.3); \/* outer glow *\/\n\t}\n\t#imageframe-1.imageframe-dropshadow img{\n\t\t-moz-box-shadow: 2px 3px 7px rgba(0,0,0,.3); \/* drop shadow *\/\n\t\t-webkit-box-shadow: 2px 3px 7px rgba(0,0,0,.3); \/* drop shadow *\/\n\t\tbox-shadow: 2px 3px 7px rgba(0,0,0,.3); \/* drop shadow *\/\n\t}\n\t<\/style>\n\t<span id=\"imageframe-1\" class=\"imageframe imageframe-none animated\" animation_type=\"fadeInUp\"><a href=\"https:\/\/fertigteilwerk-rau.de\/wp-content\/uploads\/2013\/12\/MASSIVWAENDE.jpg\" rel=\"prettyPhoto\"><a title=\"Rau Massivwand\" href=\"https:\/\/fertigteilwerk-rau.de\/wp-content\/uploads\/2013\/12\/MASSIVWAENDE.jpg\" rel=\"prettyPhoto\"><img decoding=\"async\" alt=\"\" src=\"https:\/\/fertigteilwerk-rau.de\/wp-content\/uploads\/2013\/12\/MASSIVWAENDE.jpg\" \/><\/a><\/a><\/span>\n<p>&nbsp;<\/p>\n<p><\/div><div class=\"clearboth\"><\/div>\n<p>&nbsp;<\/p>\n","protected":false},"excerpt":{"rendered":"<p>Massivw\u00e4nde &nbsp; &nbsp; &nbsp;<\/p>\n","protected":false},"author":566,"featured_media":0,"parent":0,"menu_order":0,"comment_status":"open","ping_status":"open","template":"full-width.php","meta":[],"_links":{"self":[{"href":"https:\/\/fertigteilwerk-rau.de\/index.php?rest_route=\/wp\/v2\/pages\/4980"}],"collection":[{"href":"https:\/\/fertigteilwerk-rau.de\/index.php?rest_route=\/wp\/v2\/pages"}],"about":[{"href":"https:\/\/fertigteilwerk-rau.de\/index.php?rest_route=\/wp\/v2\/types\/page"}],"author":[{"embeddable":true,"href":"https:\/\/fertigteilwerk-rau.de\/index.php?rest_route=\/wp\/v2\/users\/566"}],"replies":[{"embeddable":true,"href":"https:\/\/fertigteilwerk-rau.de\/index.php?rest_route=%2Fwp%2Fv2%2Fcomments&post=4980"}],"version-history":[{"count":13,"href":"https:\/\/fertigteilwerk-rau.de\/index.php?rest_route=\/wp\/v2\/pages\/4980\/revisions"}],"predecessor-version":[{"id":5344,"href":"https:\/\/fertigteilwerk-rau.de\/index.php?rest_route=\/wp\/v2\/pages\/4980\/revisions\/5344"}],"wp:attachment":[{"href":"https:\/\/fertigteilwerk-rau.de\/index.php?rest_route=%2Fwp%2Fv2%2Fmedia&parent=4980"}],"curies":[{"name":"wp","href":"https:\/\/api.w.org\/{rel}","templated":true}]}}