{"id":4996,"date":"2013-12-16T14:51:28","date_gmt":"2013-12-16T12:51:28","guid":{"rendered":"http:\/\/fertigteilwerk-rau.de\/?page_id=4996"},"modified":"2014-01-06T14:45:39","modified_gmt":"2014-01-06T12:45:39","slug":"balkone","status":"publish","type":"page","link":"https:\/\/fertigteilwerk-rau.de\/?page_id=4996","title":{"rendered":"BALKONE"},"content":{"rendered":"<h2>Balkone<\/h2>\n<div class=\"demo-sep sep-single\" style=\"margin-top:20px;margin-bottom:20px\"><\/div>\n<p>&nbsp;<\/p>\n<div class=\"demo-sep sep-none\" style=\"margin-top:-50px;\"><\/div>\n<p>&nbsp;<\/p>\n<div class=\"one_half\">\n<p>Halb- oder Vollfertigteilbalkone in jeder gew\u00fcnschten Gr\u00f6\u00dfe (transportbedingt) und Form bieten auch hier eine optimale wirtschaftliche L\u00f6sung. Einbauteile wie Abl\u00e4ufe, Ankerplatten, Isok\u00f6rbe usw. und Wassernasen &#8211; alles ist machbar. Farbig, glatt oder strukturiert &#8211; ganz nach Ihren W\u00fcnschen. Sprechen Sie uns an.<\/p>\n<p>&nbsp;<\/p>\n<p>&nbsp;<\/p>\n<p>&nbsp;<\/p>\n<p>&nbsp;<\/p>\n<address>Mehr Bilder finden Sie in unseren <a href=\"https:\/\/fertigteilwerk-rau.de\/?page_id=5188\">Referenzen<\/a>.<\/address>\n<p><\/div>\n<div class=\"one_half last\">\n<style type='text\/css'>\n\t#imageframe-1.imageframe{float:right;}\n\t#imageframe-1.imageframe img{border:5px solid #ffffff;}\n\t#imageframe-1.imageframe-glow img{\n\t\t-moz-box-shadow: 0 0 3px rgba(0,0,0,.3); \/* outer glow *\/\n\t\t-webkit-box-shadow: 0 0 3px rgba(0,0,0,.3); \/* outer glow *\/\n\t\tbox-shadow: 0 0 3px rgba(0,0,0,.3); \/* outer glow *\/\n\t}\n\t#imageframe-1.imageframe-dropshadow img{\n\t\t-moz-box-shadow: 2px 3px 7px rgba(0,0,0,.3); \/* drop shadow *\/\n\t\t-webkit-box-shadow: 2px 3px 7px rgba(0,0,0,.3); \/* drop shadow *\/\n\t\tbox-shadow: 2px 3px 7px rgba(0,0,0,.3); \/* drop shadow *\/\n\t}\n\t<\/style>\n\t<span id=\"imageframe-1\" class=\"imageframe imageframe-none animated\" animation_type=\"fadeInUp\"><a href=\"https:\/\/fertigteilwerk-rau.de\/wp-content\/uploads\/2013\/12\/Balkone.jpg\" rel=\"prettyPhoto\"><a title=\"Balkon von Rau an historischer Fassade\" href=\"https:\/\/fertigteilwerk-rau.de\/wp-content\/uploads\/2013\/12\/Balkone.jpg\" rel=\"prettyPhoto\"><img decoding=\"async\" alt=\"\" src=\"https:\/\/fertigteilwerk-rau.de\/wp-content\/uploads\/2013\/12\/Balkone.jpg\" \/><\/a><\/a><\/span>\n<p>&nbsp;<\/p>\n<p><\/div><div class=\"clearboth\"><\/div>\n<p>&nbsp;<\/p>\n","protected":false},"excerpt":{"rendered":"<p>Balkone &nbsp; &nbsp; &nbsp;<\/p>\n","protected":false},"author":566,"featured_media":0,"parent":0,"menu_order":0,"comment_status":"open","ping_status":"open","template":"full-width.php","meta":[],"_links":{"self":[{"href":"https:\/\/fertigteilwerk-rau.de\/index.php?rest_route=\/wp\/v2\/pages\/4996"}],"collection":[{"href":"https:\/\/fertigteilwerk-rau.de\/index.php?rest_route=\/wp\/v2\/pages"}],"about":[{"href":"https:\/\/fertigteilwerk-rau.de\/index.php?rest_route=\/wp\/v2\/types\/page"}],"author":[{"embeddable":true,"href":"https:\/\/fertigteilwerk-rau.de\/index.php?rest_route=\/wp\/v2\/users\/566"}],"replies":[{"embeddable":true,"href":"https:\/\/fertigteilwerk-rau.de\/index.php?rest_route=%2Fwp%2Fv2%2Fcomments&post=4996"}],"version-history":[{"count":5,"href":"https:\/\/fertigteilwerk-rau.de\/index.php?rest_route=\/wp\/v2\/pages\/4996\/revisions"}],"predecessor-version":[{"id":5338,"href":"https:\/\/fertigteilwerk-rau.de\/index.php?rest_route=\/wp\/v2\/pages\/4996\/revisions\/5338"}],"wp:attachment":[{"href":"https:\/\/fertigteilwerk-rau.de\/index.php?rest_route=%2Fwp%2Fv2%2Fmedia&parent=4996"}],"curies":[{"name":"wp","href":"https:\/\/api.w.org\/{rel}","templated":true}]}}