{"id":5036,"date":"2013-12-16T15:41:00","date_gmt":"2013-12-16T13:41:00","guid":{"rendered":"http:\/\/fertigteilwerk-rau.de\/?page_id=5036"},"modified":"2016-06-30T14:40:06","modified_gmt":"2016-06-30T12:40:06","slug":"b_normalbeton-schalungssteine","status":"publish","type":"page","link":"https:\/\/fertigteilwerk-rau.de\/?page_id=5036","title":{"rendered":"NORMALBETON SCHALUNGSSTEINE"},"content":{"rendered":"<h2>Normalbeton Schalungssteine<\/h2>\n<div class=\"demo-sep sep-single\" style=\"margin-top:20px;margin-bottom:20px\"><\/div>\n<p>&nbsp;<\/p>\n<div class=\"demo-sep sep-none\" style=\"margin-top:-50px;\"><\/div>\n<p>Die RAU-Normalbetonschalungssteine sind eine verlorene Schalung f\u00fcr die tragenden Betons\u00e4ulen der Innen- und Au\u00dfenw\u00e4nde. Vorteile: Gleiches Schwind- und Kriechverhalten von Innen- und Au\u00dfenw\u00e4nden, also keine Risse durch Materialwechsel. Es enstehen Au\u00dfenw\u00e4nde mit hohen w\u00e4rmed\u00e4mmenden Eigenschaften und Innenw\u00e4nde mit hohem Schallschutz. ( mehr Informationen unter <a href=\"https:\/\/fertigteilwerk-rau.de\/?page_id=4916\">Bauphysikalische Konzepte<\/a>)<\/p>\n<p>Bilder finden Sie in unseren <a href=\"https:\/\/fertigteilwerk-rau.de\/?page_id=5188\">Referenzen<\/a>.<\/p>\n<div class=\"demo-sep sep-single\" style=\"margin-top:20px;margin-bottom:20px\"><\/div>\n<div class=\"demo-sep sep-none\" style=\"margin-top:60px;\"><\/div>\n<h3><\/h3>\n<p><a title=\"\" href=\"https:\/\/fertigteilwerk-rau.de\/wp-content\/uploads\/2016\/06\/Tabelle_Normalbeton1600x900_4_2014_NEU-01.jpg\" rel=\"prettyPhoto\"><img decoding=\"async\" alt=\"\" src=\"https:\/\/fertigteilwerk-rau.de\/wp-content\/uploads\/2016\/06\/Tabelle_Normalbeton1600x900_4_2014_NEU-01.jpg\" \/><\/a><\/p>\n<h3><span style=\"color: #000000;\"><a href=\"https:\/\/fertigteilwerk-rau.de\/wp-content\/uploads\/2016\/06\/Rau_Bausysteme_Schalungssteinprogramm_Normalbetonschalungssteine_2014_Neu.pdf\">Tabelle als PDF<\/a><\/span><\/h3>\n<div class=\"demo-sep sep-single\" style=\"margin-top:0px;margin-bottom:0px\"><\/div>\n<h3 style=\"text-align: center;\">\u00a0Hier finden sie eine \u00dcbersicht \u00fcber unser Angebot von Betonschalungssteinen:<\/h3>\n<div class=\"demo-sep sep-single\" style=\"margin-top:10px;margin-bottom:10px\"><\/div>\n<div class=\"demo-sep sep-none\" style=\"margin-top:60px;\"><\/div>\n<h3 style=\"text-align: center;\"><span style=\"color: #808080;\">\u00a0R 17,5 NB<\/span><\/h3>\n<p><a href=\"https:\/\/fertigteilwerk-rau.de\/wp-content\/uploads\/2013\/12\/R175NB.jpg\"><img decoding=\"async\" loading=\"lazy\" alt=\"R175NB\" src=\"https:\/\/fertigteilwerk-rau.de\/wp-content\/uploads\/2013\/12\/R175NB.jpg\" width=\"960\" height=\"450\" \/><\/a><\/p>\n<div class=\"demo-sep sep-shadow\" style=\"margin-top:40px;margin-bottom:40px\"><\/div>\n<h3 style=\"text-align: center;\"><span style=\"color: #808080;\">\u00a0R 20 NB<\/span><\/h3>\n<p><a href=\"https:\/\/fertigteilwerk-rau.de\/wp-content\/uploads\/2013\/12\/R20NB.jpg\"><img decoding=\"async\" loading=\"lazy\" alt=\"R20NB\" src=\"https:\/\/fertigteilwerk-rau.de\/wp-content\/uploads\/2013\/12\/R20NB.jpg\" width=\"960\" height=\"450\" \/><\/a><\/p>\n<div class=\"demo-sep sep-shadow\" style=\"margin-top:40px;margin-bottom:40px\"><\/div>\n<h3 style=\"text-align: center;\"><span style=\"color: #808080;\">\u00a0R 24 NB<\/span><\/h3>\n<p><a href=\"https:\/\/fertigteilwerk-rau.de\/wp-content\/uploads\/2013\/12\/R24NB.jpg\"><img decoding=\"async\" loading=\"lazy\" alt=\"R24NB\" src=\"https:\/\/fertigteilwerk-rau.de\/wp-content\/uploads\/2013\/12\/R24NB.jpg\" width=\"960\" height=\"450\" \/><\/a><\/p>\n<div class=\"demo-sep sep-shadow\" style=\"margin-top:40px;margin-bottom:40px\"><\/div>\n<h3 style=\"text-align: center;\"><span style=\"color: #808080;\">\u00a0R 30 NB<\/span><\/h3>\n<p><a href=\"https:\/\/fertigteilwerk-rau.de\/wp-content\/uploads\/2013\/12\/R30NB.jpg\"><img decoding=\"async\" loading=\"lazy\" alt=\"R30NB\" src=\"https:\/\/fertigteilwerk-rau.de\/wp-content\/uploads\/2013\/12\/R30NB.jpg\" width=\"960\" height=\"450\" \/><\/a><\/p>\n<div class=\"demo-sep sep-shadow\" style=\"margin-top:40px;margin-bottom:40px\"><\/div>\n<h3 style=\"text-align: center;\"><span style=\"color: #808080;\">Filter &#8211; Drainagestein<\/span><\/h3>\n<p><a href=\"https:\/\/fertigteilwerk-rau.de\/wp-content\/uploads\/2013\/12\/Filterdrainagestein.jpg\"><img decoding=\"async\" loading=\"lazy\" alt=\"Filterdrainagestein\" src=\"https:\/\/fertigteilwerk-rau.de\/wp-content\/uploads\/2013\/12\/Filterdrainagestein.jpg\" width=\"960\" height=\"450\" \/><\/a><\/p>\n<div class=\"demo-sep sep-shadow\" style=\"margin-top:40px;margin-bottom:40px\"><\/div>\n<p>&nbsp;<\/p>\n<h3 style=\"text-align: center;\"><span style=\"color: #808080;\">Leibungshalbstein HL<\/span><\/h3>\n<p><a href=\"https:\/\/fertigteilwerk-rau.de\/wp-content\/uploads\/2013\/12\/Leibungshalbstein_HL.jpg\"><img decoding=\"async\" loading=\"lazy\" alt=\"Leibungshalbstein_HL\" src=\"https:\/\/fertigteilwerk-rau.de\/wp-content\/uploads\/2013\/12\/Leibungshalbstein_HL.jpg\" width=\"960\" height=\"450\" \/><\/a><\/p>\n<div class=\"demo-sep sep-shadow\" style=\"margin-top:40px;margin-bottom:40px\"><\/div>\n<h3 style=\"text-align: center;\"><span style=\"color: #808080;\">\u00a0Leibungsstein 1\/4 + 3\/4 L<\/span><\/h3>\n<p><a href=\"https:\/\/fertigteilwerk-rau.de\/wp-content\/uploads\/2013\/12\/Leibungsstein1434L1.jpg\"><img decoding=\"async\" loading=\"lazy\" class=\"alignnone size-full wp-image-5415\" alt=\"Leibungsstein1434L\" src=\"https:\/\/fertigteilwerk-rau.de\/wp-content\/uploads\/2013\/12\/Leibungsstein1434L1.jpg\" width=\"960\" height=\"450\" srcset=\"https:\/\/fertigteilwerk-rau.de\/wp-content\/uploads\/2013\/12\/Leibungsstein1434L1.jpg 960w, https:\/\/fertigteilwerk-rau.de\/wp-content\/uploads\/2013\/12\/Leibungsstein1434L1-300x140.jpg 300w\" sizes=\"(max-width: 960px) 100vw, 960px\" \/><\/a><\/p>\n<div class=\"demo-sep sep-shadow\" style=\"margin-top:40px;margin-bottom:40px\"><\/div>\n<h3 style=\"text-align: center;\"><span style=\"color: #808080;\">Eckstein EB<\/span><\/h3>\n<p><a href=\"https:\/\/fertigteilwerk-rau.de\/wp-content\/uploads\/2013\/12\/Eckstein_EB.jpg\"><img decoding=\"async\" loading=\"lazy\" alt=\"Eckstein_EB\" src=\"https:\/\/fertigteilwerk-rau.de\/wp-content\/uploads\/2013\/12\/Eckstein_EB.jpg\" width=\"960\" height=\"450\" \/><\/a><\/p>\n<div class=\"demo-sep sep-shadow\" style=\"margin-top:40px;margin-bottom:40px\"><\/div>\n<p>&nbsp;<\/p>\n<h3 style=\"text-align: center;\"><span style=\"color: #808080;\">Leibungsstein NL<\/span><\/h3>\n<p><a href=\"https:\/\/fertigteilwerk-rau.de\/wp-content\/uploads\/2013\/12\/Leibungsstein_NL.jpg\"><img decoding=\"async\" loading=\"lazy\" alt=\"Leibungsstein_NL\" src=\"https:\/\/fertigteilwerk-rau.de\/wp-content\/uploads\/2013\/12\/Leibungsstein_NL.jpg\" width=\"960\" height=\"450\" \/><\/a><\/p>\n<div class=\"demo-sep sep-shadow\" style=\"margin-top:40px;margin-bottom:40px\"><\/div>\n<p>&nbsp;<\/p>\n<h3 style=\"text-align: center;\"><span style=\"color: #808080;\">Halbstein H<\/span><\/h3>\n<p><a href=\"https:\/\/fertigteilwerk-rau.de\/wp-content\/uploads\/2013\/12\/Halbstein_H.jpg\"><img decoding=\"async\" loading=\"lazy\" alt=\"Halbstein_H\" src=\"https:\/\/fertigteilwerk-rau.de\/wp-content\/uploads\/2013\/12\/Halbstein_H.jpg\" width=\"960\" height=\"450\" \/><\/a><\/p>\n<div class=\"demo-sep sep-shadow\" style=\"margin-top:40px;margin-bottom:40px\"><\/div>\n<p>&nbsp;<\/p>\n<h3 style=\"text-align: center;\"><span style=\"color: #808080;\">Kombistein<\/span><\/h3>\n<p><a href=\"https:\/\/fertigteilwerk-rau.de\/wp-content\/uploads\/2013\/12\/Kombistein.jpg\"><img decoding=\"async\" loading=\"lazy\" alt=\"Kombistein\" src=\"https:\/\/fertigteilwerk-rau.de\/wp-content\/uploads\/2013\/12\/Kombistein.jpg\" width=\"960\" height=\"450\" \/><\/a><\/p>\n<div class=\"demo-sep sep-shadow\" style=\"margin-top:40px;margin-bottom:40px\"><\/div>\n<p>&nbsp;<\/p>\n<h3 style=\"text-align: center;\">\u00a0<span style=\"color: #808080;\">Schlitzstein S<\/span><\/h3>\n<p><a href=\"https:\/\/fertigteilwerk-rau.de\/wp-content\/uploads\/2013\/12\/Schlitzstein_S.jpg\"><img decoding=\"async\" loading=\"lazy\" class=\"alignnone size-full wp-image-5397\" alt=\"Schlitzstein_S\" src=\"https:\/\/fertigteilwerk-rau.de\/wp-content\/uploads\/2013\/12\/Schlitzstein_S.jpg\" width=\"960\" height=\"450\" srcset=\"https:\/\/fertigteilwerk-rau.de\/wp-content\/uploads\/2013\/12\/Schlitzstein_S.jpg 960w, https:\/\/fertigteilwerk-rau.de\/wp-content\/uploads\/2013\/12\/Schlitzstein_S-300x140.jpg 300w\" sizes=\"(max-width: 960px) 100vw, 960px\" \/><\/a><\/p>\n<div class=\"demo-sep sep-shadow\" style=\"margin-top:40px;margin-bottom:40px\"><\/div>\n<h3 style=\"text-align: center;\"><span style=\"color: #808080;\">\u00a0Erg\u00e4nzungsstein ERG<\/span><\/h3>\n<p><a href=\"https:\/\/fertigteilwerk-rau.de\/wp-content\/uploads\/2013\/12\/Erg\u00e4nzungsstein_ERG.jpg\"><img decoding=\"async\" loading=\"lazy\" alt=\"Erg\u00e4nzungsstein_ERG\" src=\"https:\/\/fertigteilwerk-rau.de\/wp-content\/uploads\/2013\/12\/Erg\u00e4nzungsstein_ERG.jpg\" width=\"960\" height=\"450\" \/><\/a><\/p>\n<div class=\"demo-sep sep-shadow\" style=\"margin-top:40px;margin-bottom:40px\"><\/div>\n<h4><\/h4>\n","protected":false},"excerpt":{"rendered":"<p>Normalbeton Schalungssteine &nbsp; Die RAU-Normalbetonschalungssteine sind eine verlorene Schalung f\u00fcr die tragenden Betons\u00e4ulen der Innen- und Au\u00dfenw\u00e4nde. Vorteile: Gleiches Schwind- und Kriechverhalten von Innen- und Au\u00dfenw\u00e4nden, also keine Risse durch Materialwechsel. Es enstehen Au\u00dfenw\u00e4nde mit hohen w\u00e4rmed\u00e4mmenden Eigenschaften und Innenw\u00e4nde mit hohem Schallschutz. ( mehr Informationen unter Bauphysikalische Konzepte) Bilder finden Sie in unseren Referenzen. Tabelle als PDF \u00a0Hier finden [&hellip;]<\/p>\n","protected":false},"author":566,"featured_media":0,"parent":0,"menu_order":0,"comment_status":"open","ping_status":"open","template":"full-width.php","meta":[],"_links":{"self":[{"href":"https:\/\/fertigteilwerk-rau.de\/index.php?rest_route=\/wp\/v2\/pages\/5036"}],"collection":[{"href":"https:\/\/fertigteilwerk-rau.de\/index.php?rest_route=\/wp\/v2\/pages"}],"about":[{"href":"https:\/\/fertigteilwerk-rau.de\/index.php?rest_route=\/wp\/v2\/types\/page"}],"author":[{"embeddable":true,"href":"https:\/\/fertigteilwerk-rau.de\/index.php?rest_route=\/wp\/v2\/users\/566"}],"replies":[{"embeddable":true,"href":"https:\/\/fertigteilwerk-rau.de\/index.php?rest_route=%2Fwp%2Fv2%2Fcomments&post=5036"}],"version-history":[{"count":48,"href":"https:\/\/fertigteilwerk-rau.de\/index.php?rest_route=\/wp\/v2\/pages\/5036\/revisions"}],"predecessor-version":[{"id":5820,"href":"https:\/\/fertigteilwerk-rau.de\/index.php?rest_route=\/wp\/v2\/pages\/5036\/revisions\/5820"}],"wp:attachment":[{"href":"https:\/\/fertigteilwerk-rau.de\/index.php?rest_route=%2Fwp%2Fv2%2Fmedia&parent=5036"}],"curies":[{"name":"wp","href":"https:\/\/api.w.org\/{rel}","templated":true}]}}