{"id":5620,"date":"2014-03-10T14:54:34","date_gmt":"2014-03-10T12:54:34","guid":{"rendered":"http:\/\/fertigteilwerk-rau.de\/?page_id=5620"},"modified":"2023-05-16T12:35:15","modified_gmt":"2023-05-16T10:35:15","slug":"karriere","status":"publish","type":"page","link":"https:\/\/fertigteilwerk-rau.de\/?page_id=5620","title":{"rendered":"KARRIERE"},"content":{"rendered":"<h1><i style=\"color:#58585a !important;background-color:#ffffff !important;border:1px solid #ecd223 !important;\"class=\"fontawesome-icon medium circle-yes icon-group animated\"animation_type=\"bounceInLeft\" animation_duration=\"0.5\"><\/i><\/h1>\n<div class=\"demo-sep sep-none\" style=\"margin-top:-50px;\"><\/div>\n<h2><strong>Karriere<\/strong><\/h2>\n<div class=\"demo-sep sep-none\" style=\"margin-top:20px;\"><\/div>\n<h4>Kommen Sie in unser Team!<\/h4>\n<div class=\"demo-sep sep-single\" style=\"margin-top:20px;margin-bottom:20px\"><\/div>\n<div class=\"demo-sep sep-none\" style=\"margin-top:&#8220;20&#8243;<\/p>px;\"><\/div><\/span><br \/>\n<\/b><\/h3>\n<p>Die Firma Rau gibt Schulabsolventen die M\u00f6glichkeit, eine Ausbildung zum Beton- und Stahlbetonbauer zu absolvieren. In der Produktionshalle der Firma Rau werden Betonfertigteile industriell hergestellt. Die Arbeitspl\u00e4tze sind wetterunabh\u00e4ngig, auch im Winter. Sie sind Schulabsolvent, haben mindestens einen Hauptschulabschluss und sind k\u00f6rperlich fit? Dann bewerben Sie sich jetzt bei uns und beginnen Sie Ihre<span style=\"color: #333333;\"> Ausbildung zum Beton- und Stahlbetonbauer <\/span>und lernen Sie in einer dualen Ausbildung alles was es braucht, um sich sp\u00e4ter Ihr Haus selbst bauen zu k\u00f6nnen.<\/p>\n<div class=\"demo-sep sep-single\" style=\"margin-top:0px;margin-bottom:0px\"><\/div>\n<h3><b>St\u00e4ndiges Stellenangebot\u00a0<span style=\"color: #999999;\"> [ m\/w Facharbeiter im Stahlbeton-Fertigteilwerk ]<br \/>\n<\/span><\/b><\/h3>\n<p>In unserem Team arbeiten Facharbeiter aus unterschiedlichen Fach-Bereichen im Stahlbeton-Fertigteilwerk zusammen. Wenn Sie eine Ausbildung als Maurer, Zimmermann, Schreiner oder eine andere berufsnahe Ausbildung absolviert haben, bewerben Sie sich gerne jederzeit bei uns.<br role=\"presentation\" \/><span dir=\"ltr\" role=\"presentation\">Wir bieten Ihnen einen sicheren, abwechslungsreichen <\/span><span dir=\"ltr\" role=\"presentation\">Arbeitsplatz in unserem engagierten Team, eine <\/span><span dir=\"ltr\" role=\"presentation\">leistungsgerechte Entlohnung, sowie die \u00fcblichen Sozialleistungen.<\/span><\/p>\n<div class=\"demo-sep sep-single\" style=\"margin-top:0px;margin-bottom:0px\"><\/div>\n<div class=\"demo-sep sep-none\" style=\"margin-top:20px;\"><\/div>\n<p>Haben Sie Interesse? Dann bewerben Sie sich bitte schriftlich mit aussagef\u00e4higen Unterlagen, gerne auch per E-Mail.<\/p>\n<p><span dir=\"ltr\" role=\"presentation\">Informationen vorab erhalten Sie gerne unter<\/span><br role=\"presentation\" \/><span dir=\"ltr\" role=\"presentation\">Telefon 07458 \/ 98818-10.<\/span><br role=\"presentation\" \/><span dir=\"ltr\" role=\"presentation\">Ihre Bewerbungen richten Sie bitte an Herrn Stefan Allmendinger.<\/span><\/p>\n<p><span style=\"color: #999999;\">RAU-Betonfertigteile GmbH &amp; Co. KG<\/span><br \/>\n<span style=\"color: #999999;\"> 72224 Ebhausen<\/span><br \/>\n<span style=\"color: #999999;\"> Uferstra\u00dfe 10<\/span><\/p>\n<p><span style=\"color: #999999;\">Telefon 07458 \/ 988 18-22<\/span><br \/>\n<span style=\"color: #999999;\"> verwaltung@fertigteilwerk-rau.de<\/span><\/p>\n<p>Wir freuen uns auf Ihre Bewerbung und w\u00fcrden uns freuen Sie bald in unserem Team willkommen zu hei\u00dfen.<\/p>\n","protected":false},"excerpt":{"rendered":"<p>Karriere Kommen Sie in unser Team! Die Firma Rau gibt Schulabsolventen die M\u00f6glichkeit, eine Ausbildung zum Beton- und Stahlbetonbauer zu absolvieren. In der Produktionshalle der Firma Rau werden Betonfertigteile industriell hergestellt. Die Arbeitspl\u00e4tze sind wetterunabh\u00e4ngig, auch im Winter. Sie sind Schulabsolvent, haben mindestens einen Hauptschulabschluss und sind k\u00f6rperlich fit? Dann bewerben Sie sich jetzt bei uns und beginnen Sie Ihre [&hellip;]<\/p>\n","protected":false},"author":566,"featured_media":0,"parent":0,"menu_order":0,"comment_status":"open","ping_status":"open","template":"","meta":[],"_links":{"self":[{"href":"https:\/\/fertigteilwerk-rau.de\/index.php?rest_route=\/wp\/v2\/pages\/5620"}],"collection":[{"href":"https:\/\/fertigteilwerk-rau.de\/index.php?rest_route=\/wp\/v2\/pages"}],"about":[{"href":"https:\/\/fertigteilwerk-rau.de\/index.php?rest_route=\/wp\/v2\/types\/page"}],"author":[{"embeddable":true,"href":"https:\/\/fertigteilwerk-rau.de\/index.php?rest_route=\/wp\/v2\/users\/566"}],"replies":[{"embeddable":true,"href":"https:\/\/fertigteilwerk-rau.de\/index.php?rest_route=%2Fwp%2Fv2%2Fcomments&post=5620"}],"version-history":[{"count":43,"href":"https:\/\/fertigteilwerk-rau.de\/index.php?rest_route=\/wp\/v2\/pages\/5620\/revisions"}],"predecessor-version":[{"id":6252,"href":"https:\/\/fertigteilwerk-rau.de\/index.php?rest_route=\/wp\/v2\/pages\/5620\/revisions\/6252"}],"wp:attachment":[{"href":"https:\/\/fertigteilwerk-rau.de\/index.php?rest_route=%2Fwp%2Fv2%2Fmedia&parent=5620"}],"curies":[{"name":"wp","href":"https:\/\/api.w.org\/{rel}","templated":true}]}}