{"id":5892,"date":"2016-04-13T16:43:34","date_gmt":"2016-04-13T14:43:34","guid":{"rendered":"http:\/\/fertigteilwerk-rau.de\/?page_id=5892"},"modified":"2016-04-14T18:33:57","modified_gmt":"2016-04-14T16:33:57","slug":"rau-hangbefestigungsstein","status":"publish","type":"page","link":"https:\/\/fertigteilwerk-rau.de\/?page_id=5892","title":{"rendered":"RAU HANGBEFESTIGUNGSSTEIN"},"content":{"rendered":"<h2>RAU Hangbefestigungssteine<\/h2>\n<div class=\"demo-sep sep-single\" style=\"margin-top:20px;margin-bottom:20px\"><\/div>\n<p>&nbsp;<\/p>\n<div class=\"demo-sep sep-none\" style=\"margin-top:-50px;\"><\/div>\n<p>Der Rau Hangbefestigungsstein erm\u00f6glicht Ihnen den schnellen und unkomplizierten Aufbau einer Schwergewichtsmauer zur wirtschaftlichen und dauerhaften Befestigung von H\u00e4ngen. Rau Hangbefestigungssteine ben\u00f6tigen aufgrund ihres hohen Gewichts und einer leichten Neigung zum Hang hin keine Betonage, dabei zeichnen h\u00f6chste Stabilit\u00e4t und eine nat\u00fcrliche Optik diesen besonderen Stein aus.<\/p>\n<p>Mehr Bilder finden Sie in unseren <a href=\"https:\/\/fertigteilwerk-rau.de\/?page_id=5188\">Referenzen<\/a>.<\/p>\n<div class=\"demo-sep sep-none\" style=\"margin-top:20px;\"><\/div>\n<p>&nbsp;<\/p>\n<div class=\"demo-sep sep-single\" style=\"margin-top:0px;margin-bottom:0px\"><\/div>\n<h3>Funktionsweise der Rau Hangbefestigungsssteine:<\/h3>\n<div class=\"demo-sep sep-single\" style=\"margin-top:10px;margin-bottom:10px\"><\/div>\n<p><a href=\"https:\/\/fertigteilwerk-rau.de\/wp-content\/uploads\/2016\/04\/Builder_Comicstrip_NEU.jpg\"><img decoding=\"async\" loading=\"lazy\" class=\"alignnone size-full wp-image-5931\" alt=\"Builder_Comicstrip_NEU\" src=\"https:\/\/fertigteilwerk-rau.de\/wp-content\/uploads\/2016\/04\/Builder_Comicstrip_NEU.jpg\" width=\"960\" height=\"2250\" srcset=\"https:\/\/fertigteilwerk-rau.de\/wp-content\/uploads\/2016\/04\/Builder_Comicstrip_NEU.jpg 960w, https:\/\/fertigteilwerk-rau.de\/wp-content\/uploads\/2016\/04\/Builder_Comicstrip_NEU-128x300.jpg 128w\" sizes=\"(max-width: 960px) 100vw, 960px\" \/><\/a><\/p>\n<div class=\"demo-sep sep-single\" style=\"margin-top:0px;margin-bottom:0px\"><\/div>\n<h3>\u00a0Hier finden sie eine \u00dcbersicht \u00fcber unser Angebot von Hangbefestigungssteinen:<\/h3>\n<div class=\"demo-sep sep-single\" style=\"margin-top:10px;margin-bottom:10px\"><\/div>\n<div class=\"demo-sep sep-none\" style=\"margin-top:60px;\"><\/div>\n<h3>\u00a0Normalstein<\/h3>\n<p><a href=\"https:\/\/fertigteilwerk-rau.de\/wp-content\/uploads\/2016\/04\/Normalstein_keintext.jpg\"><img decoding=\"async\" loading=\"lazy\" class=\"alignnone size-full wp-image-5910\" alt=\"Normalstein_keintext\" src=\"https:\/\/fertigteilwerk-rau.de\/wp-content\/uploads\/2016\/04\/Normalstein_keintext.jpg\" width=\"960\" height=\"450\" srcset=\"https:\/\/fertigteilwerk-rau.de\/wp-content\/uploads\/2016\/04\/Normalstein_keintext.jpg 960w, https:\/\/fertigteilwerk-rau.de\/wp-content\/uploads\/2016\/04\/Normalstein_keintext-300x140.jpg 300w\" sizes=\"(max-width: 960px) 100vw, 960px\" \/><\/a><\/p>\n<p>&nbsp;<\/p>\n<div class=\"demo-sep sep-shadow\" style=\"margin-top:30px;margin-bottom:30px\"><\/div>\n<h3>Halbstein S (vertikal)<\/h3>\n<p><a href=\"https:\/\/fertigteilwerk-rau.de\/wp-content\/uploads\/2016\/04\/Halbstein_S_keintext.jpg\"><img decoding=\"async\" loading=\"lazy\" class=\"alignnone size-full wp-image-5908\" alt=\"Halbstein_S_keintext\" src=\"https:\/\/fertigteilwerk-rau.de\/wp-content\/uploads\/2016\/04\/Halbstein_S_keintext.jpg\" width=\"960\" height=\"450\" srcset=\"https:\/\/fertigteilwerk-rau.de\/wp-content\/uploads\/2016\/04\/Halbstein_S_keintext.jpg 960w, https:\/\/fertigteilwerk-rau.de\/wp-content\/uploads\/2016\/04\/Halbstein_S_keintext-300x140.jpg 300w\" sizes=\"(max-width: 960px) 100vw, 960px\" \/><\/a><\/p>\n<p>&nbsp;<\/p>\n<div class=\"demo-sep sep-shadow\" style=\"margin-top:30px;margin-bottom:30px\"><\/div>\n<h3>Halbstein W (horizontal)<\/h3>\n<p><a href=\"https:\/\/fertigteilwerk-rau.de\/wp-content\/uploads\/2016\/04\/Halbstein_W_keintext.jpg\"><img decoding=\"async\" loading=\"lazy\" class=\"alignnone size-full wp-image-5909\" alt=\"Halbstein_W_keintext\" src=\"https:\/\/fertigteilwerk-rau.de\/wp-content\/uploads\/2016\/04\/Halbstein_W_keintext.jpg\" width=\"960\" height=\"450\" srcset=\"https:\/\/fertigteilwerk-rau.de\/wp-content\/uploads\/2016\/04\/Halbstein_W_keintext.jpg 960w, https:\/\/fertigteilwerk-rau.de\/wp-content\/uploads\/2016\/04\/Halbstein_W_keintext-300x140.jpg 300w\" sizes=\"(max-width: 960px) 100vw, 960px\" \/><\/a><\/p>\n<p>&nbsp;<\/p>\n<div class=\"demo-sep sep-shadow\" style=\"margin-top:30px;margin-bottom:30px\"><\/div>\n<h3>\u00a0Pflanzstein<\/h3>\n<p><a href=\"https:\/\/fertigteilwerk-rau.de\/wp-content\/uploads\/2016\/04\/Abdeckstein_keintext.jpg\"><img decoding=\"async\" loading=\"lazy\" class=\"alignnone size-full wp-image-5907\" alt=\"Abdeckstein_keintext\" src=\"https:\/\/fertigteilwerk-rau.de\/wp-content\/uploads\/2016\/04\/Abdeckstein_keintext.jpg\" width=\"960\" height=\"450\" srcset=\"https:\/\/fertigteilwerk-rau.de\/wp-content\/uploads\/2016\/04\/Abdeckstein_keintext.jpg 960w, https:\/\/fertigteilwerk-rau.de\/wp-content\/uploads\/2016\/04\/Abdeckstein_keintext-300x140.jpg 300w\" sizes=\"(max-width: 960px) 100vw, 960px\" \/><\/a><\/p>\n<p>&nbsp;<\/p>\n<div class=\"demo-sep sep-shadow\" style=\"margin-top:30px;margin-bottom:30px\"><\/div>\n<p>&nbsp;<\/p>\n<div class=\"demo-sep sep-single\" style=\"margin-top:0px;margin-bottom:0px\"><\/div>\n<h3>\u00a0Rau Hangbefestigungssteine k\u00f6nnen mit s\u00e4mtlichen erdenklichen Strukturen auf der Sichtseite gefertigt werden:<\/h3>\n<div class=\"demo-sep sep-single\" style=\"margin-top:10px;margin-bottom:10px\"><\/div>\n<p><a href=\"https:\/\/fertigteilwerk-rau.de\/wp-content\/uploads\/2016\/04\/Sterukturen.jpg\"><img decoding=\"async\" loading=\"lazy\" class=\"alignnone size-full wp-image-5890\" alt=\"Sterukturen\" src=\"https:\/\/fertigteilwerk-rau.de\/wp-content\/uploads\/2016\/04\/Sterukturen.jpg\" width=\"960\" height=\"450\" srcset=\"https:\/\/fertigteilwerk-rau.de\/wp-content\/uploads\/2016\/04\/Sterukturen.jpg 960w, https:\/\/fertigteilwerk-rau.de\/wp-content\/uploads\/2016\/04\/Sterukturen-300x140.jpg 300w\" sizes=\"(max-width: 960px) 100vw, 960px\" \/><\/a><\/p>\n<h3><span style=\"color: #ff9900;\"><span style=\"color: #ff9900;\"><a class=\"button small blue animated\" href=\"https:\/\/fertigteilwerk-rau.de\/?page_id=4547\" target=\"_self\" animation_type=\"bounceInLeft\">Sprechen Sie uns an!<\/a>\u00a0\u00a0 <\/span><\/span><\/h3>\n<h3>\u00a0Wir freuen uns auf Sie!<\/h3>\n<p>&nbsp;<\/p>\n<p>&nbsp;<\/p>\n","protected":false},"excerpt":{"rendered":"<p>RAU Hangbefestigungssteine &nbsp; Der Rau Hangbefestigungsstein erm\u00f6glicht Ihnen den schnellen und unkomplizierten Aufbau einer Schwergewichtsmauer zur wirtschaftlichen und dauerhaften Befestigung von H\u00e4ngen. Rau Hangbefestigungssteine ben\u00f6tigen aufgrund ihres hohen Gewichts und einer leichten Neigung zum Hang hin keine Betonage, dabei zeichnen h\u00f6chste Stabilit\u00e4t und eine nat\u00fcrliche Optik diesen besonderen Stein aus. Mehr Bilder finden Sie in unseren Referenzen. &nbsp; Funktionsweise der [&hellip;]<\/p>\n","protected":false},"author":566,"featured_media":0,"parent":0,"menu_order":0,"comment_status":"open","ping_status":"open","template":"full-width.php","meta":[],"_links":{"self":[{"href":"https:\/\/fertigteilwerk-rau.de\/index.php?rest_route=\/wp\/v2\/pages\/5892"}],"collection":[{"href":"https:\/\/fertigteilwerk-rau.de\/index.php?rest_route=\/wp\/v2\/pages"}],"about":[{"href":"https:\/\/fertigteilwerk-rau.de\/index.php?rest_route=\/wp\/v2\/types\/page"}],"author":[{"embeddable":true,"href":"https:\/\/fertigteilwerk-rau.de\/index.php?rest_route=\/wp\/v2\/users\/566"}],"replies":[{"embeddable":true,"href":"https:\/\/fertigteilwerk-rau.de\/index.php?rest_route=%2Fwp%2Fv2%2Fcomments&post=5892"}],"version-history":[{"count":23,"href":"https:\/\/fertigteilwerk-rau.de\/index.php?rest_route=\/wp\/v2\/pages\/5892\/revisions"}],"predecessor-version":[{"id":5937,"href":"https:\/\/fertigteilwerk-rau.de\/index.php?rest_route=\/wp\/v2\/pages\/5892\/revisions\/5937"}],"wp:attachment":[{"href":"https:\/\/fertigteilwerk-rau.de\/index.php?rest_route=%2Fwp%2Fv2%2Fmedia&parent=5892"}],"curies":[{"name":"wp","href":"https:\/\/api.w.org\/{rel}","templated":true}]}}